{"id":5603,"date":"2012-01-25T11:00:50","date_gmt":"2012-01-25T09:00:50","guid":{"rendered":"https:\/\/www.pga.sk\/?page_id=5603"},"modified":"2022-06-22T11:27:50","modified_gmt":"2022-06-22T09:27:50","slug":"courses","status":"publish","type":"page","link":"https:\/\/www.pga.sk\/en\/courses\/","title":{"rendered":"Courses"},"content":{"rendered":"<h5>5\/2022<\/h5>\n<h2><strong>8.6. 2022 Full Swing \/ Jonathan Mannie<\/strong><\/h2>\n<p><strong>At Penati Golf Resort<\/strong><\/p>\n<p><a href=\"https:\/\/www.pga.sk\/wp-content\/uploads\/2022\/03\/penati_logo.jpg\"><img decoding=\"async\" class=\"alignnone wp-image-4640 size-full\" src=\"https:\/\/www.pga.sk\/wp-content\/uploads\/2022\/03\/penati_logo.jpg\" alt=\"\" width=\"117\" height=\"150\"><\/a><\/p>\n<p>Applications can be sent until 6.6. 2022<\/p>\n<p>Timetable:<br \/>\n10:00 Registration<br \/>\n<strong>10:30 &#8211; 12:00 Practical part of Full Swing<\/strong><br \/>\n<strong>12:00 &#8211; 13:00 Lunch &#8211; break<\/strong><br \/>\n<strong>13:00 &#8211; 14:30 Practical part of Full Swing<\/strong><br \/>\n14:30 &#8211; 14:45 Break<br \/>\n<strong>14:45 &#8211; 15:45 Practical part of Full Swing \/ chipping<\/strong><br \/>\n<strong>15:45 &#8211; 16:00 Conclusion, Q&amp;A<\/strong><\/p>\n<div>\n<div class=\"j1rqpc\">&nbsp;<\/div>\n<\/div>\n<div class=\"FFpbKc\">\n<div class=\"r375lc\">\n<div class=\"aJIq1d\" data-language-code=\"sk\" data-language-name=\"sloven\u010dina\" data-text=\"\" data-crosslingual-hint=\"null\" data-location=\"1\" data-enable-toggle-playback-speed=\"true\">\n<div data-show-delay-ms=\"250\" data-append-to-body=\"true\" data-propagate-tooltip-mouseover-events=\"true\" data-anchor-corner=\"bottom-left\" data-enable-skip-handler=\"false\" data-popup-corner=\"top-left\">\n<div class=\"ZyvIDe\">\n<div class=\"a8FIud X0rvP L6rCcb\" data-apply-responsive-style=\"true\" data-classes=\"\" data-initial-translation-length=\"83\" data-saved-translation-limit-reached=\"false\">\n<div data-show-delay-ms=\"250\" data-append-to-body=\"false\" data-propagate-tooltip-mouseover-events=\"true\" data-anchor-corner=\"bottom-end\" data-enable-skip-handler=\"false\" data-popup-corner=\"top-end\">\n<div class=\"dePhmb\" aria-live=\"polite\">\n<div class=\"eyKpYb\" data-language=\"en\" data-original-language=\"sk\" data-result-index=\"0\">\n<div class=\"J0lOec\">\n<p>Fees<br \/>\n&#8211; 60 euros \/ person (member of another PGA or Amateur)<br \/>\n&#8211; EUR 30 member of PGA SK<br \/>\nLunch is included in the price.<\/p>\n<p>Payment is only possible through the account.<br \/>\nAccount number: \u010cSOB Iban<br \/>\npayment note: your last name &#8211; FullSwing 2022 seminar<\/p>\n<\/div>\n<\/div>\n<\/div>\n<\/div>\n<\/div>\n<\/div>\n<\/div>\n<\/div>\n<\/div>\n<\/div>\n<p>SK34 7500 0000 0040 0590 0196<\/p>\n<p><a href=\"https:\/\/www.pga.sk\/wp-content\/uploads\/2022\/05\/Logo-new-small-p3ccezm87q0srzzt86egwfjrepvjx7wmw7heoff4rw.png\"><img decoding=\"async\" class=\"alignnone wp-image-4743 size-full\" src=\"https:\/\/www.pga.sk\/wp-content\/uploads\/2022\/05\/Logo-new-small-p3ccezm87q0srzzt86egwfjrepvjx7wmw7heoff4rw.png\" alt=\"\" width=\"250\" height=\"62\"><\/a><\/p>\n<p><a class=\"fasc-button fasc-size-xlarge fasc-type-glossy fasc-rounded-medium fasc-ico-before dashicons-admin-users fasc-style-bold\" style=\"background-color: #33809e; color: #ffffff;\" target=\"_blank\" rel=\"noopener\" href=\"https:\/\/forms.gle\/wt3x2QBXqjXHWQfc6\">Online registr\u00e1cia<\/a><\/p>\n<hr>\n<h5>3\/2022<\/h5>\n<h2><strong>9.5.&nbsp; Putting \/ Karel Skopov\u00fd junior<\/strong><\/h2>\n<p><strong>Penati Golf Resort<\/strong><\/p>\n<p><a href=\"https:\/\/www.pga.sk\/wp-content\/uploads\/2022\/03\/penati_logo.jpg\"><img decoding=\"async\" class=\"alignnone wp-image-4640 size-full\" src=\"https:\/\/www.pga.sk\/wp-content\/uploads\/2022\/03\/penati_logo.jpg\" alt=\"\" width=\"117\" height=\"150\"><\/a><\/p>\n<p>\u010casov\u00fd harmonogram:<br \/>\n10:00 Registr\u00e1cia<br \/>\n10:30 &#8211; 12:00 Praktick\u00e1 \u010das\u0165<br \/>\n12:00 &#8211; 13:00 Obed &#8211; prest\u00e1vka<br \/>\n13:00 &#8211; 15:00 Praktick\u00e1 \u010das\u0165 \/ demo<br \/>\n15:00 &#8211; 15:30 Z\u00e1ver, Q&amp;A<\/p>\n<p>Poplatky<br \/>\n&#8211; 80 eur \/ osoba ( \u010dlen inej PGA )<br \/>\n&#8211; 30 eur \u010dlen PGA SK<br \/>\nV cene je zahrnut\u00fd obed.<\/p>\n<p>Platba je mo\u017en\u00e1 len cez \u00fa\u010det.<br \/>\n\u010c\u00edslo \u00fa\u010dtu: \u010cSOB Iban<br \/>\npozn\u00e1mka pri platbe: va\u0161e priezvisko \u2013 putting 2022 seminar<\/p>\n<p>SK34 7500 0000 0040 0590 0196<\/p>\n<p><a href=\"https:\/\/www.pga.sk\/wp-content\/uploads\/2022\/03\/penati_logo.jpg\"><img decoding=\"async\" class=\"alignnone wp-image-4640 size-full\" src=\"https:\/\/www.pga.sk\/wp-content\/uploads\/2022\/03\/penati_logo.jpg\" alt=\"\" width=\"117\" height=\"150\"><\/a><\/p>\n<p><a class=\"fasc-button fasc-size-xlarge fasc-type-glossy fasc-rounded-medium fasc-ico-before dashicons-admin-users fasc-style-bold\" style=\"background-color: #33809e; color: #ffffff;\" target=\"_blank\" rel=\"noopener\" href=\"https:\/\/forms.gle\/ux7imxQM7NartRZa8\">Online registr\u00e1cia<\/a><\/p>\n<h1>Semin\u00e1re 2022<\/h1>\n<p>1\/2022 Na rok 2022 pripravujeme vzdel\u00e1vacie semin\u00e1re, ktor\u00e9 sa bud\u00fa venova\u0165 op\u00e4\u0165 kr\u00e1zkej hre &#8211; Putting, dlhej hre &#8211; Full Swing.<\/p>\n<p>Po minuloro\u010dnej kladnej odozve na Semin\u00e1r Putting s Karlom Skopov\u00fdm ml. h\u013ead\u00e1me vhodn\u00fd term\u00edn o ktorom v\u00e1s budeme informova\u0165 a te\u0161\u00edme sa na hojn\u00fa \u00fa\u010das\u0165.&nbsp;VK s\u00fa\u010dasne oslovila \u0161pecialistov na dlh\u00fa hru. Celkovo pl\u00e1nujeme tri a\u017e \u0161tyri semin\u00e1re na rok 2022.<\/p>\n<p>Za Vzdel\u00e1vaciu komisiu PGA SK P. Bielik a \u010dlenovia VK.<\/p>\n<h1>&nbsp;<\/h1>\n<hr>\n<h2><strong>15.11. 2021 GR Hrub\u00e1 Bor\u0161a<\/strong>&nbsp;<strong>Mgr. Petra Pa\u010desov\u00e1, PhD<\/strong><br \/>\n<strong>Priestor klubov\u00e9ho domu v GC Hrub\u00e1 Bor\u0161a.<\/strong><\/h2>\n<p>Minim\u00e1lny po\u010det: 6<br \/>\nProgram:<br \/>\nRegistr\u00e1cia: 9:45h &#8211; 10:00h<\/p>\n<p>Prv\u00e1 \u010das\u0165 &#8211; 10:00h &#8211; 11:30h<\/p>\n<p>11:30h<br \/>\nObed<\/p>\n<p>Druh\u00e1 \u010das\u0165 &#8211; 12:30h &#8211; 14:00h<\/p>\n<p>Poplatky:<br \/>\n15\u20ac \u010dlen PGA SK ( s\u00fa\u010das\u0165 nie je obed )<br \/>\n60\u20ac \u010dlen inej PGA ass<br \/>\nPlatba je mo\u017en\u00e1 cez \u00fa\u010det, alebo priamo na semin\u00e1ri.<br \/>\n\u010c\u00edslo \u00fa\u010dtu: \u010cSOB Iban<br \/>\npozn\u00e1mka pri platbe: va\u0161e meno &#8211; psychologia seminar<\/p>\n<p>SK34 7500 0000 0040 0590 0196<\/p>\n<p><a class=\"fasc-button fasc-size-small fasc-type-glossy fasc-rounded-medium fasc-ico-before dashicons-admin-users fasc-style-bold\" style=\"background-color: #33809e; color: #ffffff;\" target=\"_blank\" rel=\"noopener\">Online registr\u00e1cia<\/a><\/p>\n<hr>\n<h2><strong>22.11.&nbsp; Putting \/ Karel Skopov\u00fd junior<\/strong><\/h2>\n<p><strong>(n\u00e1hradn\u00fd term\u00edn z 20.8.)<\/strong><\/p>\n<p><strong>INDOOR GOLFBALLS &#8211; Penati Golf Resort<\/strong><\/p>\n<p><a href=\"https:\/\/www.pga.sk\/wp-content\/uploads\/2021\/10\/logo-final.png\"><img decoding=\"async\" class=\"alignnone size-medium wp-image-4485\" src=\"https:\/\/www.pga.sk\/wp-content\/uploads\/2021\/10\/logo-final-300x72.png\" alt=\"\" width=\"300\" height=\"72\" srcset=\"https:\/\/www.pga.sk\/wp-content\/uploads\/2021\/10\/logo-final-300x72.png 300w, https:\/\/www.pga.sk\/wp-content\/uploads\/2021\/10\/logo-final-1024x245.png 1024w, https:\/\/www.pga.sk\/wp-content\/uploads\/2021\/10\/logo-final-768x183.png 768w, https:\/\/www.pga.sk\/wp-content\/uploads\/2021\/10\/logo-final-1536x367.png 1536w, https:\/\/www.pga.sk\/wp-content\/uploads\/2021\/10\/logo-final-2048x489.png 2048w, https:\/\/www.pga.sk\/wp-content\/uploads\/2021\/10\/logo-final-600x143.png 600w, https:\/\/www.pga.sk\/wp-content\/uploads\/2021\/10\/logo-final-1920x459.png 1920w\" sizes=\"(max-width: 300px) 100vw, 300px\" \/><\/a><\/p>\n<p>\u010casov\u00fd harmonogram:<br \/>\n10:00 Registr\u00e1cia<br \/>\n10:30 &#8211; 12:00 Teoretick\u00e1 \u010das\u0165<br \/>\n12:00 &#8211; 13:00 Obedn\u00e1 prest\u00e1vka<br \/>\n13:00 &#8211; 14:30 Praktick\u00e1 \u010das\u0165<br \/>\n14:30 &#8211; 15:00 Z\u00e1ver, Q&amp;A<\/p>\n<p>Poplatky<br \/>\n&#8211; 80 eur \/ osoba ( \u010dlen inej PGA )<br \/>\n&#8211; 30 eur \u010dlen PGA SK<br \/>\nV cene je zahrnut\u00fd aj spolo\u010dn\u00fd obed<\/p>\n<p>Platba je mo\u017en\u00e1 cez \u00fa\u010det, alebo priamo na semin\u00e1ri.<br \/>\n\u010c\u00edslo \u00fa\u010dtu: \u010cSOB Iban<br \/>\npozn\u00e1mka pri platbe: va\u0161e meno \u2013 psychologia seminar<\/p>\n<p>SK34 7500 0000 0040 0590 0196<\/p>\n<p><a href=\"https:\/\/www.pga.sk\/wp-content\/uploads\/2021\/10\/dablac_logo_final_colour.png\"><img loading=\"lazy\" decoding=\"async\" class=\"alignnone size-medium wp-image-4486\" src=\"https:\/\/www.pga.sk\/wp-content\/uploads\/2021\/10\/dablac_logo_final_colour-300x142.png\" alt=\"\" width=\"300\" height=\"142\" srcset=\"https:\/\/www.pga.sk\/wp-content\/uploads\/2021\/10\/dablac_logo_final_colour-300x142.png 300w, https:\/\/www.pga.sk\/wp-content\/uploads\/2021\/10\/dablac_logo_final_colour-768x364.png 768w, https:\/\/www.pga.sk\/wp-content\/uploads\/2021\/10\/dablac_logo_final_colour-600x284.png 600w, https:\/\/www.pga.sk\/wp-content\/uploads\/2021\/10\/dablac_logo_final_colour.png 1000w\" sizes=\"(max-width: 300px) 100vw, 300px\" \/><\/a><\/p>\n<p><a class=\"fasc-button fasc-size-small fasc-type-glossy fasc-rounded-medium fasc-ico-before dashicons-admin-users fasc-style-bold\" style=\"background-color: #33809e; color: #ffffff;\" target=\"_blank\" rel=\"noopener\">Online registr\u00e1cia<\/a><\/p>\n<hr>\n<h2><span class=\"\">27.9. &#8211; Petr Tom\u00e1\u0161ek \/ Titleist Club team event &#8211; Ball fitting&nbsp;<\/span><\/h2>\n<div>\n<div>Lozorno<\/div>\n<div class=\"\">Program:<\/div>\n<div class=\"\">9:30h registr\u00e1cia<\/div>\n<div class=\"\">&nbsp;<\/div>\n<div class=\"\">10:00h za\u010diatok<\/div>\n<div class=\"\">12:30h ukon\u010denie<\/div>\n<div>&nbsp;<\/div>\n<div class=\"\">Poplatky:<\/div>\n<div class=\"\">20\u20ac \u010dlen PGA SK<\/div>\n<div class=\"\">80\u20ac \u010dlen inej PGA ass<\/div>\n<div class=\"\">Platba je mo\u017en\u00e1 cez \u00fa\u010det, alebo priamo na semin\u00e1ri.<\/div>\n<div class=\"\">\u010c\u00edslo \u00fa\u010dtu: \u010cSOB Iban<\/div>\n<div class=\"\">pozn\u00e1mka pri platbe: va\u0161e meno &#8211; ball fitting seminar<\/div>\n<div class=\"\">SK34 7500 0000 0040 0590 0196<\/div>\n<\/div>\n<h3><a class=\"fasc-button fasc-size-small fasc-type-glossy fasc-rounded-medium fasc-ico-before dashicons-admin-users fasc-style-bold\" style=\"background-color: #33809e; color: #ffffff;\" target=\"_blank\" rel=\"noopener\">Online registr\u00e1cia<\/a><\/h3>\n<p><a href=\"https:\/\/www.pga.sk\/wp-content\/uploads\/2012\/01\/logo_tile.png\"><img loading=\"lazy\" decoding=\"async\" class=\"alignnone size-full wp-image-92\" src=\"https:\/\/www.pga.sk\/wp-content\/uploads\/2012\/01\/logo_tile.png\" alt=\"\" width=\"250\" height=\"133\"><\/a><\/p>\n<hr>\n<h1>Semin\u00e1re 2021<\/h1>\n<p>3\/2021 Vzdel\u00e1vanie v roku 2021 bude ur\u010dite zaujimav\u00e9 aj s poh\u013eadu organiz\u00e1cie. Tak by sa dalo nazva\u0165 moment\u00e1lne nastavenie na sez\u00f3nu 2021. V pr\u00edprave s\u00fa 4 a\u017e 5 stretnut\u00ed, s\u00fa zatia\u013e vo forme pr\u00edprav, nako\u013eko sa \u010dak\u00e1 na relevantn\u00e9 uvolnenie re\u0161trikci\u00ed Vl\u00e1dy SR. Organiz\u00e1ciu pripravujeme, aby sme flexibilne mohli otvori\u0165 prihlasovanie a z\u00e1rove\u0148 v\u010das informova\u0165 z\u00e1ujemcou.&nbsp;<\/p>\n<p>Za Vzdel\u00e1vaciu komisiu PGA SK P. Bielik a \u010dlenovia VK.<\/p>\n<h1>Semin\u00e1re 2020<\/h1>\n<p>11\/2020 Pripravovan\u00e9 jesenn\u00e9 Vzdel\u00e1vac\u00ed kurz bol riadne napl\u00e1novan\u00fd, vzh\u013eadom na vyhl\u00e1senie vl\u00e1dy sme term\u00edn nestihli a boli n\u00faten\u00ed zru\u0161i\u0165 program. \u010clenovia bud\u00fa obozn\u00e1men\u00ed o dian\u00ed do roka 2021 a predpoklad\u00e1me 4 riadne Vzdel\u00e1vania pre \u010dlenov PGA SK v roku 2021.<\/p>\n<p>10\/2020 Pripravujeme jesenn\u00e9 Vzdel\u00e1vanie 2020, ktor\u00e9 sa schv\u00e1lilo aj na Roz\u0161\u00edrenom Prez\u00eddiu PGA SK. Vybran\u00fd term\u00edn je v pl\u00e1ne pod\u013ea mo\u017enost\u00ed zahrani\u010dnej \u00fa\u010dasti ale maxim\u00e1lne za\u010diatkom 11. mesiaca 2020.<\/p>\n<p>4\/2020 Vzh\u013eadom na celosvetov\u00fa situ\u00e1ciu, PGA SK v spolupr\u00e1ci SKGA, boli n\u00faten\u00ed zru\u0161i\u0165 napl\u00e1novan\u00e9 pravideln\u00e9 vzdel\u00e1vacie stretnutia \u010dlenov PGA SK a vr\u00e1ti\u0165 finan\u010dn\u00e9 dot\u00e1cie.<\/p>\n<p><a href=\"https:\/\/www.pga.sk\/wp-content\/uploads\/2020\/12\/pdf_memorandum.pdf\">2\/2020 Memorandu PGA SK vs PGAC Vzdel\u00e1vanie a PAT<\/a><\/p>\n<h1><a href=\"https:\/\/www.pga.sk\/wp-content\/uploads\/2020\/09\/Pravidla-golfu-2019.pdf\">PRAVIDL\u00c1 GOLFU 2019<\/a><\/h1>\n<h1>Semin\u00e1re 2019<\/h1>\n<div>\n<h3>&nbsp;<\/h3>\n<h3>15.4.&nbsp; Short Game \/ Approach &#8211; Viktor Gustavsson<\/h3>\n<p>\u010casov\u00fd harmonogram:<br \/>\n10:00 Registr\u00e1cia<br \/>\n10:30 &#8211; 12:00 Teoretick\u00e1 \u010das\u0165<br \/>\n12:00 &#8211; 13:00 Obedn\u00e1 prest\u00e1vka<br \/>\n13:00 &#8211; 16:00 Praktick\u00e1 \u010das\u0165<br \/>\n16:00 &#8211; 17:00 Z\u00e1ver, Q&amp;A<\/p>\n<p>Poplatky<br \/>\n&#8211; 100 eur \/ osoba ( AM alebo \u010dlen inej PGA )<br \/>\n&#8211; 30 eur \u010dlen PGA SK<br \/>\nV cene je zahrnut\u00fd aj spolo\u010dn\u00fd obed<\/p>\n<p><a href=\"https:\/\/www.pga.sk\/wp-content\/uploads\/2019\/04\/sedin.jpg\"><img loading=\"lazy\" decoding=\"async\" class=\"alignnone size-medium wp-image-3215\" src=\"https:\/\/www.pga.sk\/wp-content\/uploads\/2019\/04\/sedin-300x139.jpg\" alt=\"\" width=\"300\" height=\"139\" srcset=\"https:\/\/www.pga.sk\/wp-content\/uploads\/2019\/04\/sedin-300x139.jpg 300w, https:\/\/www.pga.sk\/wp-content\/uploads\/2019\/04\/sedin-768x356.jpg 768w, https:\/\/www.pga.sk\/wp-content\/uploads\/2019\/04\/sedin.jpg 776w\" sizes=\"(max-width: 300px) 100vw, 300px\" \/><\/a><\/p>\n<p><a class=\"fasc-button fasc-size-small fasc-type-glossy fasc-rounded-medium fasc-ico-before dashicons-admin-users fasc-style-bold\" style=\"background-color: #33809e; color: #ffffff;\" target=\"_blank\" rel=\"noopener\" href=\"https:\/\/docs.google.com\/forms\/d\/e\/1FAIpQLSdL0MDI-784wr_0U6XQ4zl6C7iuHKPKly1z81fEVjC78g7GQA\/viewform\">Online registr\u00e1cia<\/a><\/p>\n<h3>&nbsp;<\/h3>\n<h3>&nbsp;<\/h3>\n<h1>VZDEL\u00c1VANIE PGA SK<\/h1>\n<p><span style=\"font-family: Calibri, Verdana, Helvetica, Arial;\"><strong>\u00dalohou Vzdel\u00e1vacej komisie PGA SK je vytvori\u0165 podmienky na zv\u00fd\u0161enie kvalifik\u00e1cie ka\u017ed\u00e9ho \u010dlena PGA SK. Re\u010d je o odbornosti na\u0161ich \u010dlenov, ktor\u00ed ako amat\u00e9ri maj\u00fa kvalitu len hern\u00fa. Ke\u010f prest\u00fapia k profesion\u00e1lom a chc\u00fa posun\u00fa\u0165 Slovensk\u00fd golf na vy\u0161\u0161iu \u00farove\u0148, musia prejs\u0165 trojro\u010dn\u00fdm vzdel\u00e1van\u00edm schv\u00e1len\u00fdm PGA of Europe. Po t\u00fdchto troch rokoch maj\u00fa \u0161tat\u00fat&nbsp;Plne Kvalifikovan\u00fd Profesion\u00e1l.<\/strong><\/span><\/p>\n<p>Slovensk\u00ed \u010dlenovia PGA nav\u0161tevuj\u00fa Vzdel\u00e1vac\u00ed in\u0161tit\u00fat PGAC. \u010clen si v\u0161ak m\u00f4\u017ee vybra\u0165 ak\u00fako\u013evek \u0161kolu, in\u0161tit\u00fat, no pre prijate\u013en\u00e9 jazykov\u00e9 podmienky sa vzdel\u00e1vaj\u00fa v Prahe na PGAC.<\/p>\n<p>Predseda Vzdel\u00e1vacej Komisie PGA SK &nbsp;Pavol Bielik.<\/p>\n<figure id=\"attachment_1252\" aria-describedby=\"caption-attachment-1252\" style=\"width: 126px\" class=\"wp-caption alignnone\"><a href=\"http:\/\/www.pga.sk\/wp-content\/uploads\/2016\/01\/Pavol-Bielik.jpg\" rel=\"attachment wp-att-1252\"><img loading=\"lazy\" decoding=\"async\" class=\"wp-image-1252 \" src=\"https:\/\/www.pga.sk\/wp-content\/uploads\/2016\/01\/Pavol-Bielik-200x300.jpg\" alt=\"Pavol Bielik\" width=\"126\" height=\"189\" srcset=\"https:\/\/www.pga.sk\/wp-content\/uploads\/2016\/01\/Pavol-Bielik-200x300.jpg 200w, https:\/\/www.pga.sk\/wp-content\/uploads\/2016\/01\/Pavol-Bielik-300x451.jpg 300w, https:\/\/www.pga.sk\/wp-content\/uploads\/2016\/01\/Pavol-Bielik.jpg 681w\" sizes=\"(max-width: 126px) 100vw, 126px\" \/><\/a><figcaption id=\"caption-attachment-1252\" class=\"wp-caption-text\"><strong>&nbsp; &nbsp; &nbsp;Pavol Bielik<\/strong><\/figcaption><\/figure>\n<p>\u010clenovia Vzdel\u00e1vacej&nbsp;komisie: Juraj Zvar\u00edk a Peter Petrovi\u010d.<\/p>\n<p>Nezab\u00fadame na st\u00e1vaj\u00facich \u010dlenov, ich napredovanie, preto\u017ee vo svete s\u00fa nov\u00e9 trendy a Vzdel\u00e1vacia Komisia PGA SK ich mus\u00ed zachyti\u0165, preda\u0165 tieto vedomosti na\u0161\u00edm \u010dlenom a to prostredn\u00edctvom semin\u00e1rov, kde sa poz\u00fdvaj\u00fa \u0161kolitelia, \u010dlenovia in\u00fdch profesion\u00e1lnych&nbsp;asoci\u00e1cii. S\u00fa\u010das\u0165ou vzdelania je aj hern\u00e1 v\u00fdkonnos\u0165.<\/p>\n<\/div>\n","protected":false},"excerpt":{"rendered":"<p>5\/2022 8.6. 2022 Full Swing \/ Jonathan Mannie At Penati Golf Resort Applications can be sent until 6.6. 2022 Timetable: 10:00 Registration 10:30 &#8211; 12:00 Practical part of Full Swing 12:00 &#8211; 13:00 Lunch &#8211; break 13:00 &#8211; 14:30 Practical part of Full Swing 14:30 &#8211; 14:45 Break 14:45 &#8211; 15:45 Practical part of Full [&hellip;]<\/p>\n","protected":false},"author":31,"featured_media":0,"parent":0,"menu_order":0,"comment_status":"closed","ping_status":"closed","template":"elementor_theme","meta":{"footnotes":""},"class_list":["post-5603","page","type-page","status-publish"],"amp_enabled":true,"_links":{"self":[{"href":"https:\/\/www.pga.sk\/en\/wp-json\/wp\/v2\/pages\/5603","targetHints":{"allow":["GET"]}}],"collection":[{"href":"https:\/\/www.pga.sk\/en\/wp-json\/wp\/v2\/pages"}],"about":[{"href":"https:\/\/www.pga.sk\/en\/wp-json\/wp\/v2\/types\/page"}],"author":[{"embeddable":true,"href":"https:\/\/www.pga.sk\/en\/wp-json\/wp\/v2\/users\/31"}],"replies":[{"embeddable":true,"href":"https:\/\/www.pga.sk\/en\/wp-json\/wp\/v2\/comments?post=5603"}],"version-history":[{"count":0,"href":"https:\/\/www.pga.sk\/en\/wp-json\/wp\/v2\/pages\/5603\/revisions"}],"wp:attachment":[{"href":"https:\/\/www.pga.sk\/en\/wp-json\/wp\/v2\/media?parent=5603"}],"curies":[{"name":"wp","href":"https:\/\/api.w.org\/{rel}","templated":true}]}}