{"id":5611,"date":"2012-01-25T10:59:35","date_gmt":"2012-01-25T08:59:35","guid":{"rendered":"https:\/\/www.pga.sk\/?page_id=5611"},"modified":"2024-05-27T13:11:00","modified_gmt":"2024-05-27T11:11:00","slug":"tournaments","status":"publish","type":"page","link":"https:\/\/www.pga.sk\/en\/tournaments\/","title":{"rendered":"Tournaments"},"content":{"rendered":"<table style=\"height: 667px; width: 100%;\" width=\"773\">\n<tbody>\n<tr style=\"height: 95px;\">\n<td style=\"border-color: #ffffff; background-color: #ffffff; height: 95px; width: 21.896552%;\"><a href=\"https:\/\/www.pga.sk\/wp-content\/uploads\/2021\/02\/2016logo.png\"><img decoding=\"async\" class=\"wp-image-4057  aligncenter\" src=\"https:\/\/www.pga.sk\/wp-content\/uploads\/2021\/02\/2016logo-300x214.png\" alt=\"\" width=\"113\" height=\"80\" srcset=\"https:\/\/www.pga.sk\/wp-content\/uploads\/2021\/02\/2016logo-300x214.png 300w, https:\/\/www.pga.sk\/wp-content\/uploads\/2021\/02\/2016logo-1024x730.png 1024w, https:\/\/www.pga.sk\/wp-content\/uploads\/2021\/02\/2016logo-768x548.png 768w, https:\/\/www.pga.sk\/wp-content\/uploads\/2021\/02\/2016logo-1536x1095.png 1536w, https:\/\/www.pga.sk\/wp-content\/uploads\/2021\/02\/2016logo-100x70.png 100w, https:\/\/www.pga.sk\/wp-content\/uploads\/2021\/02\/2016logo.png 1590w\" sizes=\"(max-width: 113px) 100vw, 113px\" \/><\/a><\/td>\n<td style=\"border-color: #ffffff; background-color: #ffffff; height: 95px; width: 26.034483%;\">20. M\u00e1j 2024<\/td>\n<td style=\"border-color: #ffffff; background-color: #ffffff; height: 95px; width: 50.344828%;\"><strong>PGA SLOVAK SENIOR CHAMPIONSHIP <\/strong>Welten B\u00e1\u010d<\/td>\n<\/tr>\n<tr style=\"height: 144px;\">\n<td style=\"border-color: #ffffff; background-color: #ffffff; height: 144px; width: 21.896552%;\"><a href=\"https:\/\/www.pga.sk\/wp-content\/uploads\/2024\/04\/logo.png\"><img decoding=\"async\" class=\"wp-image-6964  aligncenter\" src=\"https:\/\/www.pga.sk\/wp-content\/uploads\/2024\/04\/logo-300x191.png\" alt=\"\" width=\"127\" height=\"81\" srcset=\"https:\/\/www.pga.sk\/wp-content\/uploads\/2024\/04\/logo-300x191.png 300w, https:\/\/www.pga.sk\/wp-content\/uploads\/2024\/04\/logo-370x239.png 370w, https:\/\/www.pga.sk\/wp-content\/uploads\/2024\/04\/logo.png 376w\" sizes=\"(max-width: 127px) 100vw, 127px\" \/><\/a><\/td>\n<td style=\"border-color: #ffffff; background-color: #ffffff; height: 144px; width: 26.034483%;\">6. J\u00fan 2024<\/td>\n<td style=\"border-color: #ffffff; background-color: #ffffff; height: 144px; width: 50.344828%;\">\n<p class=\"entry-title\"><strong>PGA of SLOVAKIA &amp; MARI\u00c1N HOSSA INVITATIONAL TOURNAMENT 2024<\/strong><\/p>\n<p>Tren\u010d\u00edn &#8211; <strong>prihl\u00e1senie<\/strong> &#8211; Entree CLOSED<\/td>\n<\/tr>\n<tr style=\"height: 144px;\">\n<td style=\"border-color: #ffffff; background-color: #ffffff; height: 144px; width: 21.896552%;\"><a href=\"https:\/\/www.pga.sk\/wp-content\/uploads\/2018\/07\/PRO-AM-CLASSIC-LOGO.jpg\"><img decoding=\"async\" class=\" wp-image-2983 aligncenter\" src=\"https:\/\/www.pga.sk\/wp-content\/uploads\/2018\/07\/PRO-AM-CLASSIC-LOGO-300x168.jpg\" alt=\"\" width=\"128\" height=\"72\" srcset=\"https:\/\/www.pga.sk\/wp-content\/uploads\/2018\/07\/PRO-AM-CLASSIC-LOGO-300x168.jpg 300w, https:\/\/www.pga.sk\/wp-content\/uploads\/2018\/07\/PRO-AM-CLASSIC-LOGO.jpg 363w\" sizes=\"(max-width: 128px) 100vw, 128px\" \/><\/a><\/td>\n<td style=\"border-color: #ffffff; background-color: #ffffff; height: 144px; width: 26.034483%;\">15.-16. J\u00fan 2024<\/td>\n<td style=\"border-color: #ffffff; background-color: #ffffff; height: 144px; width: 50.344828%;\"><strong>PENATI PRO AM CLASSIC <\/strong>Propoz\u00edcie &#8211; Penati Golf Resort, Senica<br \/>\n<strong>ENTRY CLOSED<\/strong><\/td>\n<\/tr>\n<tr style=\"height: 53px;\">\n<td style=\"border-color: #ffffff; background-color: #ffffff; height: 53px; width: 21.896552%;\"><a href=\"https:\/\/www.pga.sk\/wp-content\/uploads\/2020\/07\/black_stork_logo.png\"><img loading=\"lazy\" decoding=\"async\" class=\" wp-image-3769 aligncenter\" src=\"https:\/\/www.pga.sk\/wp-content\/uploads\/2020\/07\/black_stork_logo-300x188.png\" alt=\"\" width=\"122\" height=\"76\" srcset=\"https:\/\/www.pga.sk\/wp-content\/uploads\/2020\/07\/black_stork_logo-300x188.png 300w, https:\/\/www.pga.sk\/wp-content\/uploads\/2020\/07\/black_stork_logo.png 740w\" sizes=\"(max-width: 122px) 100vw, 122px\" \/><\/a><\/td>\n<td style=\"border-color: #ffffff; background-color: #ffffff; height: 53px; width: 26.034483%;\">26.-28. J\u00fal 2024<\/td>\n<td style=\"border-color: #ffffff; background-color: #ffffff; height: 53px; width: 50.344828%;\"><strong>MAJSTROSTV\u00c1 <\/strong><strong>LGK<\/strong><strong> &#8211; LOMNICA OPEN -WAGR &#8211; <\/strong>Black Stork, Ve\u013ek\u00e1 Lomnica &#8211; bro\u017eura<\/td>\n<\/tr>\n<tr style=\"height: 27px;\">\n<td style=\"border-color: #ffffff; background-color: #ffffff; width: 21.896552%; height: 27px;\"><a href=\"https:\/\/www.pga.sk\/wp-content\/uploads\/2016\/03\/penati-logo.jpg\"><img loading=\"lazy\" decoding=\"async\" class=\"wp-image-1477 aligncenter\" src=\"https:\/\/www.pga.sk\/wp-content\/uploads\/2016\/03\/penati-logo-300x299.jpg\" alt=\"\" width=\"106\" height=\"106\" srcset=\"https:\/\/www.pga.sk\/wp-content\/uploads\/2016\/03\/penati-logo.jpg 300w, https:\/\/www.pga.sk\/wp-content\/uploads\/2016\/03\/penati-logo-150x150.jpg 150w\" sizes=\"(max-width: 106px) 100vw, 106px\" \/><\/a><\/td>\n<td style=\"border-color: #ffffff; background-color: #ffffff; width: 26.034483%; height: 27px;\">9.-11.8. 2024<\/td>\n<td style=\"border-color: #ffffff; background-color: #ffffff; width: 50.344828%; height: 27px;\"><strong>Penati Stroke Play Championship &#8211; WAGR \u00a0&#8211; <\/strong>Penati Golf Resort, Senica<\/td>\n<\/tr>\n<tr style=\"height: 109px;\">\n<td style=\"border-color: #ffffff; background-color: #ffffff; height: 109px; width: 21.896552%;\"><a href=\"https:\/\/www.pga.sk\/wp-content\/uploads\/2021\/01\/Snimka-obrazovky-2021-01-20-o-12.15.01.png\"><img loading=\"lazy\" decoding=\"async\" class=\"aligncenter wp-image-3966\" src=\"https:\/\/www.pga.sk\/wp-content\/uploads\/2021\/01\/Snimka-obrazovky-2021-01-20-o-12.15.01-300x113.png\" alt=\"\" width=\"155\" height=\"58\" srcset=\"https:\/\/www.pga.sk\/wp-content\/uploads\/2021\/01\/Snimka-obrazovky-2021-01-20-o-12.15.01-300x113.png 300w, https:\/\/www.pga.sk\/wp-content\/uploads\/2021\/01\/Snimka-obrazovky-2021-01-20-o-12.15.01-1024x385.png 1024w, https:\/\/www.pga.sk\/wp-content\/uploads\/2021\/01\/Snimka-obrazovky-2021-01-20-o-12.15.01-768x289.png 768w, https:\/\/www.pga.sk\/wp-content\/uploads\/2021\/01\/Snimka-obrazovky-2021-01-20-o-12.15.01-1536x577.png 1536w, https:\/\/www.pga.sk\/wp-content\/uploads\/2021\/01\/Snimka-obrazovky-2021-01-20-o-12.15.01-2048x769.png 2048w, https:\/\/www.pga.sk\/wp-content\/uploads\/2021\/01\/Snimka-obrazovky-2021-01-20-o-12.15.01-1920x721.png 1920w\" sizes=\"(max-width: 155px) 100vw, 155px\" \/><\/a><\/td>\n<td style=\"border-color: #ffffff; background-color: #ffffff; height: 109px; width: 26.034483%;\">8.-10. September 2024<\/td>\n<td style=\"border-color: #ffffff; background-color: #ffffff; height: 109px; width: 50.344828%;\"><a href=\"http:\/\/www.golfslovakopen.sk\"><strong>PENATI SLOVAK OPEN \u00a0<\/strong><\/a>Penati Golf Resort, Senica<\/td>\n<\/tr>\n<tr style=\"height: 95px;\">\n<td style=\"border-color: #ffffff; background-color: #ffffff; height: 95px; width: 21.896552%;\"><strong>TEACHING TOUR pre rok 2024<\/strong><\/td>\n<td style=\"border-color: #ffffff; background-color: #ffffff; height: 95px; width: 26.034483%;\"><\/td>\n<td style=\"border-color: #ffffff; background-color: #ffffff; height: 95px; width: 50.344828%;\"><\/td>\n<\/tr>\n<\/tbody>\n<\/table>\n<h1 style=\"text-align: center;\"><strong>Viac turnajov n\u00e1jde\u0161 na <a href=\"http:\/\/www.golfpluscalendar.com\">Golfplus.Golf<\/a><\/strong><a href=\"https:\/\/www.golfplus.golf\"><br \/>\n<img loading=\"lazy\" decoding=\"async\" class=\"aligncenter wp-image-6781 size-full\" src=\"https:\/\/www.pga.sk\/wp-content\/uploads\/2024\/01\/GolfPlus_logo-03-1.jpg\" alt=\"\" width=\"520\" height=\"437\" srcset=\"https:\/\/www.pga.sk\/wp-content\/uploads\/2024\/01\/GolfPlus_logo-03-1.jpg 520w, https:\/\/www.pga.sk\/wp-content\/uploads\/2024\/01\/GolfPlus_logo-03-1-300x252.jpg 300w, https:\/\/www.pga.sk\/wp-content\/uploads\/2024\/01\/GolfPlus_logo-03-1-450x378.jpg 450w\" sizes=\"(max-width: 520px) 100vw, 520px\" \/><\/a><\/h1>\n<hr \/>\n<p><a title=\"Turnaje 2014\" href=\"https:\/\/www.pga.sk\/turnaje\/archiv\/\">Archiv<\/a><\/p>\n","protected":false},"excerpt":{"rendered":"<p>20. M\u00e1j 2024 PGA SLOVAK SENIOR CHAMPIONSHIP Welten B\u00e1\u010d 6. J\u00fan 2024 PGA of SLOVAKIA &amp; MARI\u00c1N HOSSA INVITATIONAL TOURNAMENT 2024 Tren\u010d\u00edn &#8211; prihl\u00e1senie &#8211; Entree CLOSED 15.-16. J\u00fan 2024 PENATI PRO AM CLASSIC Propoz\u00edcie &#8211; Penati Golf Resort, Senica ENTRY CLOSED 26.-28. J\u00fal 2024 MAJSTROSTV\u00c1 LGK &#8211; LOMNICA OPEN -WAGR &#8211; Black Stork, Ve\u013ek\u00e1 [&hellip;]<\/p>\n","protected":false},"author":31,"featured_media":0,"parent":0,"menu_order":0,"comment_status":"open","ping_status":"open","template":"","meta":{"footnotes":""},"class_list":["post-5611","page","type-page","status-publish"],"amp_enabled":true,"_links":{"self":[{"href":"https:\/\/www.pga.sk\/en\/wp-json\/wp\/v2\/pages\/5611","targetHints":{"allow":["GET"]}}],"collection":[{"href":"https:\/\/www.pga.sk\/en\/wp-json\/wp\/v2\/pages"}],"about":[{"href":"https:\/\/www.pga.sk\/en\/wp-json\/wp\/v2\/types\/page"}],"author":[{"embeddable":true,"href":"https:\/\/www.pga.sk\/en\/wp-json\/wp\/v2\/users\/31"}],"replies":[{"embeddable":true,"href":"https:\/\/www.pga.sk\/en\/wp-json\/wp\/v2\/comments?post=5611"}],"version-history":[{"count":7,"href":"https:\/\/www.pga.sk\/en\/wp-json\/wp\/v2\/pages\/5611\/revisions"}],"predecessor-version":[{"id":7025,"href":"https:\/\/www.pga.sk\/en\/wp-json\/wp\/v2\/pages\/5611\/revisions\/7025"}],"wp:attachment":[{"href":"https:\/\/www.pga.sk\/en\/wp-json\/wp\/v2\/media?parent=5611"}],"curies":[{"name":"wp","href":"https:\/\/api.w.org\/{rel}","templated":true}]}}