{"id":5615,"date":"2022-04-05T16:56:03","date_gmt":"2022-04-05T14:56:03","guid":{"rendered":"https:\/\/www.pga.sk\/?page_id=5615"},"modified":"2022-06-22T11:32:59","modified_gmt":"2022-06-22T09:32:59","slug":"pga-open-series","status":"publish","type":"page","link":"https:\/\/www.pga.sk\/en\/pga-open-series\/","title":{"rendered":"PGA OPEN SERIES"},"content":{"rendered":"<div>20.5. 2022<\/div>\n<div>PGA of Austria, PGA of Czech and PGA of Slovakia organize PGA OPEN SERIES.<br \/>\nWe have chosen these tournaments for you, play and win!<br \/>\nPGA OPEN SERIES 2022<\/div>\n<div>\n<div class=\"page\" title=\"Page 14\">\n<div class=\"layoutArea\">\n<div class=\"column\">\n<p><a href=\"https:\/\/golfslovakopen.sk\/turnaje\/turnaj-2022\/\">Penati Slovak Open \/\u00a0Penati Golf Resort, Slovakia \/ 11. -13. 9. 2022<\/a><\/p>\n<div class=\"page\" title=\"Page 14\">\n<div class=\"layoutArea\">\n<div class=\"column\">\n<p><a href=\"https:\/\/www.pgaofaustria.at\/pga-of-austria-tour\/\">PGA Championship of Austria \/\u00a0Golfpark Metzenhof, Austria \/ 26. &#8211; 28. 9. 2022<\/a><\/p>\n<div class=\"page\" title=\"Page 14\">\n<div class=\"layoutArea\">\n<div class=\"column\">\n<p><a href=\"https:\/\/www.pga.cz\/wp-content\/uploads\/2021\/09\/Propozice-Portiva-Golf-Trophy-Grandfin\u00e1le-Cezch-PGA-Tour-2021.pdf\">Kaska\u0301da Grand Final \/\u00a0Kaska\u0301da Golf Resort, Czech Republic \/\u00a030. 9. \u2013 2.10. 2022<\/a><\/p>\n<\/div>\n<\/div>\n<\/div>\n<\/div>\n<\/div>\n<\/div>\n<\/div>\n<\/div>\n<\/div>\n<\/div>\n<div><a href=\"https:\/\/www.pga.sk\/wp-content\/uploads\/2022\/05\/2022.jpg\"><img fetchpriority=\"high\" decoding=\"async\" class=\"alignnone wp-image-4775 size-large\" src=\"https:\/\/www.pga.sk\/wp-content\/uploads\/2022\/05\/2022-1024x966.jpg\" alt=\"\" width=\"696\" height=\"657\" srcset=\"https:\/\/www.pga.sk\/wp-content\/uploads\/2022\/05\/2022-1024x966.jpg 1024w, https:\/\/www.pga.sk\/wp-content\/uploads\/2022\/05\/2022-300x283.jpg 300w, https:\/\/www.pga.sk\/wp-content\/uploads\/2022\/05\/2022-768x724.jpg 768w, https:\/\/www.pga.sk\/wp-content\/uploads\/2022\/05\/2022-600x566.jpg 600w, https:\/\/www.pga.sk\/wp-content\/uploads\/2022\/05\/2022.jpg 1200w\" sizes=\"(max-width: 696px) 100vw, 696px\" \/>Stanislav Mat\u00fa\u0161 became the first winner and the tournaments take place in the following order.<\/a><\/div>\n<div><\/div>\n<div>12.12. 2021<\/div>\n<h3>Presentation of the PGA OPEN SERIES at the CPG Congress in Portugal.<\/h3>\n<div>The collaboration between the three PGA organizations raised many questions from a number of members of the other PGA organizations. Therefore, the idea of CPG representatives arose, especially Aston Ward was an interviewer on how cooperation helps between countries and what experiences were in the first year.<\/div>\n<div><a href=\"https:\/\/www.pga.sk\/wp-content\/uploads\/2021\/08\/IMG_7113.jpeg\"><img decoding=\"async\" class=\"alignnone wp-image-4588 size-large\" src=\"https:\/\/www.pga.sk\/wp-content\/uploads\/2021\/08\/IMG_7113-1024x768.jpeg\" alt=\"\" width=\"696\" height=\"522\" srcset=\"https:\/\/www.pga.sk\/wp-content\/uploads\/2021\/08\/IMG_7113-1024x768.jpeg 1024w, https:\/\/www.pga.sk\/wp-content\/uploads\/2021\/08\/IMG_7113-300x225.jpeg 300w, https:\/\/www.pga.sk\/wp-content\/uploads\/2021\/08\/IMG_7113-768x576.jpeg 768w, https:\/\/www.pga.sk\/wp-content\/uploads\/2021\/08\/IMG_7113-600x450.jpeg 600w, https:\/\/www.pga.sk\/wp-content\/uploads\/2021\/08\/IMG_7113-265x198.jpeg 265w, https:\/\/www.pga.sk\/wp-content\/uploads\/2021\/08\/IMG_7113.jpeg 1200w\" sizes=\"(max-width: 696px) 100vw, 696px\" \/><\/a><\/div>\n<div>Therefore, a presentation was created, prepared in detail by GS PGAC Luk\u00e1\u0161 Tintera, which was presented by the delegate of the CPG Congress in Portugal.<br \/>\nAfter the presentation, everyone was pleasantly surprised and thanked them with loud applause.<br \/>\nThe PGA of Slovenia should be added to this series by 2022, all now in the hands of representatives of the Slovenian PGA.<\/div>\n<div><\/div>\n<div><a href=\"https:\/\/www.pga.sk\/wp-content\/uploads\/2021\/08\/CPG-2021-Annual-Congress-Presentation_PGA-Open-Series-2021.pdf\"><strong>Prezent\u00e1cia v PDF<\/strong><\/a><\/div>\n<div><\/div>\n<div>\n<hr \/>\n<\/div>\n<div><\/div>\n<div>4.10. 2021<\/div>\n<div>\n<h3>Stanislav Matu\u0161 became the winner of the first year of the PGA OPEN SERIES.<\/h3>\n<p>This year, for the first time, a series of PGA OPEN SERIES tournaments were held, co-founded by the PGA of Austria, the PGA of the Czech Republic and the PGA of Slovakia. The tournaments were gradually held on the course in Slavkov at the Austerlitz Golf Resort, at the Weitra Golf Club in Austria and also in Slovakia at the Penati Golf Resort.<\/p>\n<figure id=\"attachment_4466\" class=\"wp-caption alignnone\" aria-describedby=\"caption-attachment-4466\"><a class=\"td-modal-image\" href=\"https:\/\/www.pga.sk\/wp-content\/uploads\/2021\/10\/IMG_2865.jpeg\"><img decoding=\"async\" class=\"wp-image-4466 size-large td-animation-stack-type0-2\" src=\"https:\/\/www.pga.sk\/wp-content\/uploads\/2021\/10\/IMG_2865-768x1024.jpeg\" sizes=\"(max-width: 696px) 100vw, 696px\" srcset=\"https:\/\/www.pga.sk\/wp-content\/uploads\/2021\/10\/IMG_2865-768x1024.jpeg 768w, https:\/\/www.pga.sk\/wp-content\/uploads\/2021\/10\/IMG_2865-225x300.jpeg 225w, https:\/\/www.pga.sk\/wp-content\/uploads\/2021\/10\/IMG_2865-300x400.jpeg 300w, https:\/\/www.pga.sk\/wp-content\/uploads\/2021\/10\/IMG_2865-600x800.jpeg 600w, https:\/\/www.pga.sk\/wp-content\/uploads\/2021\/10\/IMG_2865.jpeg 900w\" alt=\"V\u00ed\u0165az Stanislav Matu\u0161, v\u013eavo Peter Petrovi\u010d GS PGA SK, vpravo Luk\u00e1\u0161 Tintera GS PGAC\" width=\"696\" height=\"928\" \/><\/a><figcaption id=\"caption-attachment-4466\" class=\"wp-caption-text\">Winner Stanislav Matu\u0161, left Peter Petrovi\u010d GS PGA SK, right Luk\u00e1\u0161 Tintera GS PGAC<\/figcaption><\/figure>\n<p>The overall winner of the first year was Stanislav Matu\u0161, who managed to win in Slavkov and was second in the ranking in Slovakia in Penati, so his victory was not threatened by non-participation in Austria. The winner was decided by scoring in individual tournaments. Filip Mr\u00fazek and Jakub Bare\u0161 came in second with a loss of twenty points.<\/p>\n<p>The most successful woman was Anika Bol\u010d\u00edkov\u00e1, who took 19th place in the scoring.<\/p>\n<p><a class=\"td-modal-image\" href=\"https:\/\/www.pga.sk\/wp-content\/uploads\/2021\/07\/Snimka-obrazovky-2021-07-05-o-17.41.46.jpg\"><img loading=\"lazy\" decoding=\"async\" class=\"alignnone wp-image-4310 size-large td-animation-stack-type0-2\" src=\"https:\/\/www.pga.sk\/wp-content\/uploads\/2021\/07\/Snimka-obrazovky-2021-07-05-o-17.41.46-1024x426.jpg\" sizes=\"(max-width: 696px) 100vw, 696px\" srcset=\"https:\/\/www.pga.sk\/wp-content\/uploads\/2021\/07\/Snimka-obrazovky-2021-07-05-o-17.41.46-1024x426.jpg 1024w, https:\/\/www.pga.sk\/wp-content\/uploads\/2021\/07\/Snimka-obrazovky-2021-07-05-o-17.41.46-300x125.jpg 300w, https:\/\/www.pga.sk\/wp-content\/uploads\/2021\/07\/Snimka-obrazovky-2021-07-05-o-17.41.46-768x319.jpg 768w, https:\/\/www.pga.sk\/wp-content\/uploads\/2021\/07\/Snimka-obrazovky-2021-07-05-o-17.41.46-600x250.jpg 600w, https:\/\/www.pga.sk\/wp-content\/uploads\/2021\/07\/Snimka-obrazovky-2021-07-05-o-17.41.46.jpg 1200w\" alt=\"\" width=\"696\" height=\"290\" \/><\/a><\/p>\n<\/div>\n<div>\n<hr \/>\n<\/div>\n<div><\/div>\n<div>PGA OPEN SERIES 2021 is an international project of three PGA organizations.<br \/>\nEach PGA organization has invested a total of 500 euros in the bank, the total prize fund is an extra 1500 euros in addition to the individual tournaments and their Prize Money.<\/div>\n<div><\/div>\n<div><a href=\"https:\/\/www.pga.sk\/wp-content\/uploads\/2021\/01\/260.png\"><img loading=\"lazy\" decoding=\"async\" class=\"alignnone size-full wp-image-4014\" src=\"https:\/\/www.pga.sk\/wp-content\/uploads\/2021\/01\/260.png\" alt=\"\" width=\"260\" height=\"260\" srcset=\"https:\/\/www.pga.sk\/wp-content\/uploads\/2021\/01\/260.png 260w, https:\/\/www.pga.sk\/wp-content\/uploads\/2021\/01\/260-150x150.png 150w\" sizes=\"(max-width: 260px) 100vw, 260px\" \/><\/a><\/div>\n<div><\/div>\n<div class=\"\">So far, three PGA organizations, Austria, Czech and Slovak, form the beginning of a joint project, which is aimed at players as motivation to travel between selected tournaments.<\/div>\n<div><\/div>\n<div><a href=\"https:\/\/www.pga.sk\/wp-content\/uploads\/2021\/07\/Snimka-obrazovky-2021-07-05-o-17.41.46.jpg\"><img loading=\"lazy\" decoding=\"async\" class=\"alignnone wp-image-4310 size-large\" src=\"https:\/\/www.pga.sk\/wp-content\/uploads\/2021\/07\/Snimka-obrazovky-2021-07-05-o-17.41.46-1024x426.jpg\" alt=\"\" width=\"696\" height=\"290\" srcset=\"https:\/\/www.pga.sk\/wp-content\/uploads\/2021\/07\/Snimka-obrazovky-2021-07-05-o-17.41.46-1024x426.jpg 1024w, https:\/\/www.pga.sk\/wp-content\/uploads\/2021\/07\/Snimka-obrazovky-2021-07-05-o-17.41.46-300x125.jpg 300w, https:\/\/www.pga.sk\/wp-content\/uploads\/2021\/07\/Snimka-obrazovky-2021-07-05-o-17.41.46-768x319.jpg 768w, https:\/\/www.pga.sk\/wp-content\/uploads\/2021\/07\/Snimka-obrazovky-2021-07-05-o-17.41.46-600x250.jpg 600w, https:\/\/www.pga.sk\/wp-content\/uploads\/2021\/07\/Snimka-obrazovky-2021-07-05-o-17.41.46.jpg 1200w\" sizes=\"(max-width: 696px) 100vw, 696px\" \/><\/a><\/div>\n<div class=\"\">By the first season, marked by global constraints, the three organizations had decided to launch such support to resume travel and tournament competition.<br \/>\nThe selection rules were determined by the secretaries of the three PGA associations according to a predetermined key.<\/div>\n<div><a href=\"https:\/\/www.pga.sk\/wp-content\/uploads\/2021\/06\/Snimka-obrazovky-2021-05-19-o-16.39.59.png\"><img loading=\"lazy\" decoding=\"async\" class=\"alignnone wp-image-4271 size-large\" src=\"https:\/\/www.pga.sk\/wp-content\/uploads\/2021\/06\/Snimka-obrazovky-2021-05-19-o-16.39.59-1024x311.png\" alt=\"\" width=\"696\" height=\"211\" srcset=\"https:\/\/www.pga.sk\/wp-content\/uploads\/2021\/06\/Snimka-obrazovky-2021-05-19-o-16.39.59-1024x311.png 1024w, https:\/\/www.pga.sk\/wp-content\/uploads\/2021\/06\/Snimka-obrazovky-2021-05-19-o-16.39.59-300x91.png 300w, https:\/\/www.pga.sk\/wp-content\/uploads\/2021\/06\/Snimka-obrazovky-2021-05-19-o-16.39.59-768x233.png 768w, https:\/\/www.pga.sk\/wp-content\/uploads\/2021\/06\/Snimka-obrazovky-2021-05-19-o-16.39.59-1536x466.png 1536w, https:\/\/www.pga.sk\/wp-content\/uploads\/2021\/06\/Snimka-obrazovky-2021-05-19-o-16.39.59-600x182.png 600w, https:\/\/www.pga.sk\/wp-content\/uploads\/2021\/06\/Snimka-obrazovky-2021-05-19-o-16.39.59.png 1852w\" sizes=\"(max-width: 696px) 100vw, 696px\" \/><\/a><\/div>\n<div>In Slovakia, the Penati Slovak Open is included, the conditions are a minimum participation in two tournaments out of three possible.<br \/>\nDates:<\/div>\n<div>\n<hr \/>\n<\/div>\n<div>\n<p>1. Czech PGA Stroke Play Championship \u2013 Austerliz Golf Resort \u2013 Czech Republic<\/p>\n<p>10. &#8211; 12. 7. 2021<\/p>\n<p>Email: pga@pga.cz<\/p>\n<hr \/>\n<p><a href=\"https:\/\/www.pgaofaustria.at\/pga-championship-2021\/\">2. PGA Championship of Austria \u2013 Golf Club Weitra &#8211; Austria<\/a><\/p>\n<p>6. &#8211; 8.9. 2021<\/p>\n<p>Email: <a href=\"mailto:office@pgaofaustria.at\">office@pgaofaustria.at<\/a><\/p>\n<hr \/>\n<p>3. <span style=\"color: #000000;\"><em><strong><a style=\"color: #000000;\" href=\"https:\/\/golfslovakopen.sk\">Penati Slovak Open \u2013 Penati Golf Resort &#8211; Slovakia<\/a><\/strong><\/em><\/span><\/p>\n<p>12. &#8211; 14.9. 2021<\/p>\n<p>Link na prihl\u00e1senie: <a href=\"https:\/\/forms.gle\/FQtKUtrtzHSnXT7M6\" target=\"_blank\" rel=\"noopener\">GOOGLE DRIVE<\/a><\/p>\n<\/div>\n<div>\n<hr \/>\n<\/div>\n<div><\/div>\n<div class=\"\"><\/div>\n<div class=\"\"><a href=\"https:\/\/www.pga.sk\/wp-content\/uploads\/2021\/07\/PGA_OPEN_SERIES_SK_CZ2021.pdf\" target=\"_blank\" rel=\"noopener\"><span style=\"text-decoration: underline; color: #000000;\"><em><strong>Propoz\u00edcie celej s\u00e9rie na stiahnutie<\/strong><\/em><\/span><\/a><\/div>\n<div class=\"\"><\/div>\n<div><a href=\"https:\/\/www.pga.sk\/wp-content\/uploads\/2021\/08\/Open-Series-2021-points-total.pdf\"><strong>Kone\u010dn\u00e9 poradie:<\/strong><\/a><\/div>\n<div><a href=\"https:\/\/www.pga.sk\/wp-content\/uploads\/2021\/08\/Open-Series-2021-points-total.pdf\"><img loading=\"lazy\" decoding=\"async\" class=\"alignnone wp-image-4482 size-full\" src=\"https:\/\/www.pga.sk\/wp-content\/uploads\/2021\/08\/Snimka-obrazovky-2021-10-12-o-12.24.16.png\" alt=\"\" width=\"482\" height=\"760\" srcset=\"https:\/\/www.pga.sk\/wp-content\/uploads\/2021\/08\/Snimka-obrazovky-2021-10-12-o-12.24.16.png 482w, https:\/\/www.pga.sk\/wp-content\/uploads\/2021\/08\/Snimka-obrazovky-2021-10-12-o-12.24.16-190x300.png 190w, https:\/\/www.pga.sk\/wp-content\/uploads\/2021\/08\/Snimka-obrazovky-2021-10-12-o-12.24.16-300x473.png 300w\" sizes=\"(max-width: 482px) 100vw, 482px\" \/><\/a><\/div>\n<p>&nbsp;<\/p>\n","protected":false},"excerpt":{"rendered":"<p>20.5. 2022 PGA of Austria, PGA of Czech and PGA of Slovakia organize PGA OPEN SERIES. We have chosen these tournaments for you, play and win! PGA OPEN SERIES 2022 Penati Slovak Open \/\u00a0Penati Golf Resort, Slovakia \/ 11. -13. 9. 2022 PGA Championship of Austria \/\u00a0Golfpark Metzenhof, Austria \/ 26. &#8211; 28. 9. 2022 [&hellip;]<\/p>\n","protected":false},"author":31,"featured_media":0,"parent":0,"menu_order":0,"comment_status":"closed","ping_status":"closed","template":"","meta":{"footnotes":""},"class_list":["post-5615","page","type-page","status-publish"],"amp_enabled":true,"_links":{"self":[{"href":"https:\/\/www.pga.sk\/en\/wp-json\/wp\/v2\/pages\/5615","targetHints":{"allow":["GET"]}}],"collection":[{"href":"https:\/\/www.pga.sk\/en\/wp-json\/wp\/v2\/pages"}],"about":[{"href":"https:\/\/www.pga.sk\/en\/wp-json\/wp\/v2\/types\/page"}],"author":[{"embeddable":true,"href":"https:\/\/www.pga.sk\/en\/wp-json\/wp\/v2\/users\/31"}],"replies":[{"embeddable":true,"href":"https:\/\/www.pga.sk\/en\/wp-json\/wp\/v2\/comments?post=5615"}],"version-history":[{"count":0,"href":"https:\/\/www.pga.sk\/en\/wp-json\/wp\/v2\/pages\/5615\/revisions"}],"wp:attachment":[{"href":"https:\/\/www.pga.sk\/en\/wp-json\/wp\/v2\/media?parent=5615"}],"curies":[{"name":"wp","href":"https:\/\/api.w.org\/{rel}","templated":true}]}}