{"id":5653,"date":"2012-01-25T10:58:00","date_gmt":"2012-01-25T08:58:00","guid":{"rendered":"https:\/\/www.pga.sk\/?page_id=5653"},"modified":"2025-10-28T11:40:03","modified_gmt":"2025-10-28T09:40:03","slug":"pga-sk-management","status":"publish","type":"page","link":"https:\/\/www.pga.sk\/en\/pga-sk-management\/","title":{"rendered":"PGA SK management"},"content":{"rendered":"<h5 style=\"text-align: center;\"><strong>President <\/strong><\/h5>\n<h5 style=\"text-align: center;\"><a href=\"https:\/\/www.pga.sk\/wp-content\/uploads\/2012\/01\/profil-foto-web.jpg\"><img fetchpriority=\"high\" decoding=\"async\" class=\"alignnone size-medium wp-image-2462\" src=\"https:\/\/www.pga.sk\/wp-content\/uploads\/2012\/01\/profil-foto-web-258x300.jpg\" alt=\"\" width=\"258\" height=\"300\" srcset=\"https:\/\/www.pga.sk\/wp-content\/uploads\/2012\/01\/profil-foto-web-258x300.jpg 258w, https:\/\/www.pga.sk\/wp-content\/uploads\/2012\/01\/profil-foto-web-300x348.jpg 300w, https:\/\/www.pga.sk\/wp-content\/uploads\/2012\/01\/profil-foto-web.jpg 640w\" sizes=\"(max-width: 258px) 100vw, 258px\" \/><\/a><\/h5>\n<h5 style=\"text-align: center;\">Peter Petrovi\u010d<\/h5>\n<p style=\"text-align: center;\"><span style=\"color: #000000;\"><a style=\"color: #000000;\" href=\"mailto:petrovic@pga.sk\">kontakt<\/a><\/span><\/p>\n<hr>\n<h5 style=\"text-align: center;\"><strong>Vicepresident<\/strong><\/h5>\n<p><a href=\"https:\/\/www.pga.sk\/wp-content\/uploads\/2016\/01\/Pavol-Bielik.jpg\"><img decoding=\"async\" class=\"wp-image-1252 size-medium aligncenter\" src=\"https:\/\/www.pga.sk\/wp-content\/uploads\/2016\/01\/Pavol-Bielik-200x300.jpg\" alt=\"\" width=\"200\" height=\"300\" srcset=\"https:\/\/www.pga.sk\/wp-content\/uploads\/2016\/01\/Pavol-Bielik-200x300.jpg 200w, https:\/\/www.pga.sk\/wp-content\/uploads\/2016\/01\/Pavol-Bielik-300x451.jpg 300w, https:\/\/www.pga.sk\/wp-content\/uploads\/2016\/01\/Pavol-Bielik.jpg 681w\" sizes=\"(max-width: 200px) 100vw, 200px\" \/><\/a><\/p>\n<p style=\"text-align: center;\"><strong>Pavol Bielik<\/strong><br \/>\n<span style=\"color: #000000;\"><a style=\"color: #000000;\" href=\"mailto:bielik@pga.sk\">kontakt<\/a><\/span><\/p>\n<hr>\n<h5 style=\"text-align: center;\"><strong>General secretary PGA SK<\/strong><\/h5>\n<h5 style=\"text-align: center;\"><a href=\"http:\/\/www.pga.sk\/wp-content\/uploads\/2012\/01\/profil-foto.jpg\"><br \/>\n<\/a>________________<br \/>\n<span style=\"color: #000000;\"><a style=\"color: #000000;\" href=\"mailto:info@pga.sk\">kontakt<\/a><\/span><\/h5>\n<hr>\n<p style=\"text-align: center;\">Honorary President<\/p>\n<p style=\"text-align: center;\"><a href=\"http:\/\/www.pga.sk\/wp-content\/uploads\/2015\/04\/martin-forro.jpg\"><img decoding=\"async\" class=\"alignnone wp-image-782\" src=\"https:\/\/www.pga.sk\/wp-content\/uploads\/2015\/04\/martin-forro-300x225.jpg\" alt=\"martin forro\" width=\"109\" height=\"82\" srcset=\"https:\/\/www.pga.sk\/wp-content\/uploads\/2015\/04\/martin-forro-300x225.jpg 300w, https:\/\/www.pga.sk\/wp-content\/uploads\/2015\/04\/martin-forro-1024x769.jpg 1024w, https:\/\/www.pga.sk\/wp-content\/uploads\/2015\/04\/martin-forro-768x577.jpg 768w, https:\/\/www.pga.sk\/wp-content\/uploads\/2015\/04\/martin-forro.jpg 1200w\" sizes=\"(max-width: 109px) 100vw, 109px\" \/><\/a><\/p>\n<p style=\"text-align: center;\"><strong>Martin Forr\u00f3<\/strong><br \/>\n<span style=\"color: #000000;\"><a style=\"color: #000000;\" href=\"mailto:forro@pga.sk\">forro@pga.sk<\/a><\/span><\/p>\n<hr>\n<p style=\"text-align: center;\">PGA Disciplinary Committee<\/p>\n<p><a href=\"https:\/\/www.pga.sk\/wp-content\/uploads\/2018\/09\/peter-wieger.jpg\"><img loading=\"lazy\" decoding=\"async\" class=\"wp-image-3068 size-medium aligncenter\" src=\"https:\/\/www.pga.sk\/wp-content\/uploads\/2018\/09\/peter-wieger-300x227.jpg\" alt=\"\" width=\"300\" height=\"227\" srcset=\"https:\/\/www.pga.sk\/wp-content\/uploads\/2018\/09\/peter-wieger-300x227.jpg 300w, https:\/\/www.pga.sk\/wp-content\/uploads\/2018\/09\/peter-wieger-1024x776.jpg 1024w, https:\/\/www.pga.sk\/wp-content\/uploads\/2018\/09\/peter-wieger-768x582.jpg 768w, https:\/\/www.pga.sk\/wp-content\/uploads\/2018\/09\/peter-wieger.jpg 1200w\" sizes=\"(max-width: 300px) 100vw, 300px\" \/><\/a><\/p>\n<p style=\"text-align: center;\">Chairman: Peter Wieger<\/p>\n<p style=\"text-align: center;\">members: Juraj Zvar\u00edk, Peter Kadl\u00ed\u010dek<\/p>\n<hr>\n<p style=\"text-align: center;\">\u0160portovo &#8211; Technick\u00e1 Komisia PGA SK<\/p>\n<p><a href=\"https:\/\/www.pga.sk\/wp-content\/uploads\/2015\/04\/peter-bucko.jpg\"><img loading=\"lazy\" decoding=\"async\" class=\"wp-image-605 size-medium aligncenter\" src=\"https:\/\/www.pga.sk\/wp-content\/uploads\/2015\/04\/peter-bucko-200x300.jpg\" alt=\"\" width=\"200\" height=\"300\" srcset=\"https:\/\/www.pga.sk\/wp-content\/uploads\/2015\/04\/peter-bucko-200x300.jpg 200w, https:\/\/www.pga.sk\/wp-content\/uploads\/2015\/04\/peter-bucko-683x1024.jpg 683w, https:\/\/www.pga.sk\/wp-content\/uploads\/2015\/04\/peter-bucko-768x1152.jpg 768w, https:\/\/www.pga.sk\/wp-content\/uploads\/2015\/04\/peter-bucko-300x450.jpg 300w, https:\/\/www.pga.sk\/wp-content\/uploads\/2015\/04\/peter-bucko.jpg 800w\" sizes=\"(max-width: 200px) 100vw, 200px\" \/><\/a><\/p>\n<p style=\"text-align: center;\">Chairman: Peter Bu\u010dko<\/p>\n<p style=\"text-align: center;\">members: Pavol Bielik, Alexander Nagy<\/p>\n<hr>\n<p style=\"text-align: center;\">PGA SK Education Committee<\/p>\n<p style=\"text-align: center;\">Chairman: Pavol Bielik<\/p>\n<p style=\"text-align: center;\">members: Juraj Zvar\u00edk, Peter Petrovi\u010d<\/p>\n<hr>\n<p style=\"text-align: center;\">PGA SK Review Committee<\/p>\n<p style=\"text-align: center;\">The Chair: Andrea Struh\u00e1rov\u00e1<\/p>\n<p style=\"text-align: center;\">members: Renata Petr\u00e1\u0161ov\u00e1, Luk\u00e1\u0161 Val\u00fach, Peter \u0160vajlen<\/p>\n","protected":false},"excerpt":{"rendered":"<p>President Peter Petrovi\u010d kontakt Vicepresident Pavol Bielik kontakt General secretary PGA SK ________________ kontakt Honorary President Martin Forr\u00f3 forro@pga.sk PGA Disciplinary Committee Chairman: Peter Wieger members: Juraj Zvar\u00edk, Peter Kadl\u00ed\u010dek \u0160portovo &#8211; Technick\u00e1 Komisia PGA SK Chairman: Peter Bu\u010dko members: Pavol Bielik, Alexander Nagy PGA SK Education Committee Chairman: Pavol Bielik members: Juraj Zvar\u00edk, Peter [&hellip;]<\/p>\n","protected":false},"author":3,"featured_media":0,"parent":0,"menu_order":0,"comment_status":"closed","ping_status":"closed","template":"","meta":{"footnotes":""},"class_list":["post-5653","page","type-page","status-publish"],"amp_enabled":true,"_links":{"self":[{"href":"https:\/\/www.pga.sk\/en\/wp-json\/wp\/v2\/pages\/5653","targetHints":{"allow":["GET"]}}],"collection":[{"href":"https:\/\/www.pga.sk\/en\/wp-json\/wp\/v2\/pages"}],"about":[{"href":"https:\/\/www.pga.sk\/en\/wp-json\/wp\/v2\/types\/page"}],"author":[{"embeddable":true,"href":"https:\/\/www.pga.sk\/en\/wp-json\/wp\/v2\/users\/3"}],"replies":[{"embeddable":true,"href":"https:\/\/www.pga.sk\/en\/wp-json\/wp\/v2\/comments?post=5653"}],"version-history":[{"count":1,"href":"https:\/\/www.pga.sk\/en\/wp-json\/wp\/v2\/pages\/5653\/revisions"}],"predecessor-version":[{"id":7629,"href":"https:\/\/www.pga.sk\/en\/wp-json\/wp\/v2\/pages\/5653\/revisions\/7629"}],"wp:attachment":[{"href":"https:\/\/www.pga.sk\/en\/wp-json\/wp\/v2\/media?parent=5653"}],"curies":[{"name":"wp","href":"https:\/\/api.w.org\/{rel}","templated":true}]}}