{"id":5670,"date":"2012-01-25T11:02:00","date_gmt":"2012-01-25T09:02:00","guid":{"rendered":"https:\/\/www.pga.sk\/?page_id=5670"},"modified":"2022-06-22T11:52:53","modified_gmt":"2022-06-22T09:52:53","slug":"contacts","status":"publish","type":"page","link":"https:\/\/www.pga.sk\/en\/contacts\/","title":{"rendered":"Contacts"},"content":{"rendered":"<div style=\"float: left;\">\n<p><strong>PGA SK, o.z.<\/strong><\/p>\n<p>\u0160ajd\u00edkove Humence 733,<\/p>\n<p>906 07 \u0160ajd\u00edkove Humence, Slovakia<\/p>\n<p>I\u010cO: 31790445<br \/>\nDI\u010c: 2021470759<\/p>\n<p>Account: \u010cSOB\u00a0SK34 7500 0000 0040 0590 0196<\/p>\n<p><strong>Secretariat<\/strong><\/p>\n<p>Mgr. J\u00e1n Keher<\/p>\n<p>Phone: +421905841757<\/p>\n<p>Phone: +421904179897<br \/>\nE-mail:\u00a0 <a href=\"mailto:info@pga.sk\">info@pga.sk<\/a><\/p>\n<h2>Map<\/h2>\n<p><iframe src=\"https:\/\/maps.google.com\/maps\/ms?ie=UTF8&amp;hl=en&amp;msa=0&amp;msid=202620797427926073155.000463a757641c99c41b0&amp;source=embed&amp;t=m&amp;ll=48.130236,17.214546&amp;spn=0.040101,0.042915&amp;z=13&amp;output=embed\" width=\"250\" height=\"350\" frameborder=\"0\" marginwidth=\"0\" marginheight=\"0\" scrolling=\"no\"><\/iframe><br \/>\n<small>View\u00a0<a style=\"color: #0000ff; text-align: left;\" href=\"http:\/\/maps.google.com\/maps\/ms?ie=UTF8&amp;hl=en&amp;msa=0&amp;msid=202620797427926073155.000463a757641c99c41b0&amp;source=embed&amp;t=m&amp;ll=48.130236,17.214546&amp;spn=0.040101,0.042915&amp;z=13\">PGA<\/a>\u00a0in a larger map<\/small><\/p>\n<\/div>\n","protected":false},"excerpt":{"rendered":"<p>PGA SK, o.z. \u0160ajd\u00edkove Humence 733, 906 07 \u0160ajd\u00edkove Humence, Slovakia I\u010cO: 31790445 DI\u010c: 2021470759 Account: \u010cSOB\u00a0SK34 7500 0000 0040 0590 0196 Secretariat Mgr. J\u00e1n Keher Phone: +421905841757 Phone: +421904179897 E-mail:\u00a0 info@pga.sk Map View\u00a0PGA\u00a0in a larger map<\/p>\n","protected":false},"author":31,"featured_media":0,"parent":0,"menu_order":0,"comment_status":"closed","ping_status":"closed","template":"","meta":{"footnotes":""},"class_list":["post-5670","page","type-page","status-publish"],"amp_enabled":true,"_links":{"self":[{"href":"https:\/\/www.pga.sk\/en\/wp-json\/wp\/v2\/pages\/5670","targetHints":{"allow":["GET"]}}],"collection":[{"href":"https:\/\/www.pga.sk\/en\/wp-json\/wp\/v2\/pages"}],"about":[{"href":"https:\/\/www.pga.sk\/en\/wp-json\/wp\/v2\/types\/page"}],"author":[{"embeddable":true,"href":"https:\/\/www.pga.sk\/en\/wp-json\/wp\/v2\/users\/31"}],"replies":[{"embeddable":true,"href":"https:\/\/www.pga.sk\/en\/wp-json\/wp\/v2\/comments?post=5670"}],"version-history":[{"count":0,"href":"https:\/\/www.pga.sk\/en\/wp-json\/wp\/v2\/pages\/5670\/revisions"}],"wp:attachment":[{"href":"https:\/\/www.pga.sk\/en\/wp-json\/wp\/v2\/media?parent=5670"}],"curies":[{"name":"wp","href":"https:\/\/api.w.org\/{rel}","templated":true}]}}